{"id":9738,"date":"2022-09-01T11:34:26","date_gmt":"2022-09-01T09:34:26","guid":{"rendered":"https:\/\/knowal.sfida.me\/vleresime\/"},"modified":"2022-09-09T12:18:12","modified_gmt":"2022-09-09T10:18:12","slug":"testimonies","status":"publish","type":"page","link":"https:\/\/know.al\/en\/testimonies\/","title":{"rendered":"Testimonies"},"content":{"rendered":"<h2 style=\"text-align: center;\">\u00c7far\u00eb thon\u00eb student\u00ebt tan\u00eb?<\/h2>\n<p style=\"text-align: center;\">Disa nga vler\u00ebsimet e student\u00ebve tan\u00eb.<\/p>\n<p style=\"\">\n","protected":false},"excerpt":{"rendered":"<p>\u00c7far\u00eb thon\u00eb student\u00ebt tan\u00eb? Disa nga vler\u00ebsimet e student\u00ebve tan\u00eb.<\/p>\n","protected":false},"author":1,"featured_media":0,"parent":0,"menu_order":0,"comment_status":"closed","ping_status":"closed","template":"","meta":{"_seopress_robots_primary_cat":"","footnotes":""},"class_list":["post-9738","page","type-page","status-publish","hentry","post-wrapper","thrv_wrapper"],"_links":{"self":[{"href":"https:\/\/know.al\/en\/wp-json\/wp\/v2\/pages\/9738","targetHints":{"allow":["GET"]}}],"collection":[{"href":"https:\/\/know.al\/en\/wp-json\/wp\/v2\/pages"}],"about":[{"href":"https:\/\/know.al\/en\/wp-json\/wp\/v2\/types\/page"}],"author":[{"embeddable":true,"href":"https:\/\/know.al\/en\/wp-json\/wp\/v2\/users\/1"}],"replies":[{"embeddable":true,"href":"https:\/\/know.al\/en\/wp-json\/wp\/v2\/comments?post=9738"}],"version-history":[{"count":0,"href":"https:\/\/know.al\/en\/wp-json\/wp\/v2\/pages\/9738\/revisions"}],"wp:attachment":[{"href":"https:\/\/know.al\/en\/wp-json\/wp\/v2\/media?parent=9738"}],"curies":[{"name":"wp","href":"https:\/\/api.w.org\/{rel}","templated":true}]}}